{"id":202,"date":"2020-03-31T10:38:34","date_gmt":"2020-03-31T08:38:34","guid":{"rendered":""},"modified":"2020-04-29T17:30:56","modified_gmt":"2020-04-29T15:30:56","slug":"about","status":"publish","type":"page","link":"https:\/\/powpow.fr\/?page_id=202","title":{"rendered":"A propos de moi"},"content":{"rendered":"\t\t<div data-elementor-type=\"wp-page\" data-elementor-id=\"202\" class=\"elementor elementor-202\" data-elementor-settings=\"[]\">\n\t\t\t<div class=\"elementor-inner\">\n\t\t\t\t<div class=\"elementor-section-wrap\">\n\t\t\t\t\t\t\t<section class=\"elementor-element elementor-element-428d6d4 elementor-section-stretched elementor-section-boxed elementor-section-height-default elementor-section-height-default elementor-section elementor-top-section\" data-id=\"428d6d4\" data-element_type=\"section\" data-settings=\"{&quot;stretch_section&quot;:&quot;section-stretched&quot;}\">\n\t\t\t\t\t\t<div class=\"elementor-container elementor-column-gap-default\">\n\t\t\t\t<div class=\"elementor-row\">\n\t\t\t\t<div class=\"elementor-element elementor-element-155deb2 elementor-column elementor-col-100 elementor-top-column\" data-id=\"155deb2\" data-element_type=\"column\">\n\t\t\t<div class=\"elementor-column-wrap  elementor-element-populated\">\n\t\t\t\t\t<div class=\"elementor-widget-wrap\">\n\t\t\t\t<div class=\"elementor-element elementor-element-feb9a9a elementor-widget elementor-widget-heading\" data-id=\"feb9a9a\" data-element_type=\"widget\" data-widget_type=\"heading.default\">\n\t\t\t\t<div class=\"elementor-widget-container\">\n\t\t\t<h2 class=\"elementor-heading-title elementor-size-default\">Pourquoi \u00e9crire un blog ? <\/h2>\t\t<\/div>\n\t\t\t\t<\/div>\n\t\t\t\t\t\t<\/div>\n\t\t\t<\/div>\n\t\t<\/div>\n\t\t\t\t\t\t<\/div>\n\t\t\t<\/div>\n\t\t<\/section>\n\t\t\t\t<section class=\"elementor-element elementor-element-53be8a9 elementor-section-stretched elementor-section-boxed elementor-section-height-default elementor-section-height-default elementor-section elementor-top-section\" data-id=\"53be8a9\" data-element_type=\"section\" data-settings=\"{&quot;stretch_section&quot;:&quot;section-stretched&quot;}\">\n\t\t\t\t\t\t<div class=\"elementor-container elementor-column-gap-default\">\n\t\t\t\t<div class=\"elementor-row\">\n\t\t\t\t<div class=\"elementor-element elementor-element-36db417 elementor-column elementor-col-100 elementor-top-column\" data-id=\"36db417\" data-element_type=\"column\">\n\t\t\t<div class=\"elementor-column-wrap  elementor-element-populated\">\n\t\t\t\t\t<div class=\"elementor-widget-wrap\">\n\t\t\t\t<div class=\"elementor-element elementor-element-77aa5d3 elementor-widget elementor-widget-text-editor\" data-id=\"77aa5d3\" data-element_type=\"widget\" data-widget_type=\"text-editor.default\">\n\t\t\t\t<div class=\"elementor-widget-container\">\n\t\t\t\t\t<div class=\"elementor-text-editor elementor-clearfix\"><p>Cela fait longtemps que j&rsquo;ai envie d&rsquo;\u00e9crire. J&rsquo;ouvre un site internet, j&rsquo;\u00e9cris un article puis je n&rsquo;y reviens jamais. C&rsquo;est que je me sens pas l\u00e9gitime dans l&rsquo;\u00e9criture de quoi que ce soit. J&rsquo;ai de la culture mais pas autant que si j&rsquo;avais fait Sciences Po Paris ou avais \u00e9tudi\u00e9 \u00e0 la Sorbonne. Je m&rsquo;int\u00e9resse \u00e0 plein de choses mais je ne suis pas passionn\u00e9e. Certains diront que je suis une touche \u00e0 tout curieuse mais je pense que c&rsquo;est avant tout \u00e0 cause de ma flemme. Et c&rsquo;est probl\u00e9matique quand vous \u00e9crivez un blog parce que n&rsquo;importe quel article un peu s\u00e9rieux sur la question vous dira qu&rsquo;il faut avoir un objectif pr\u00e9cis et un sujet de pr\u00e9dilection pour \u00e9crire. <\/p><p>J&rsquo;aime voyager mais je n&rsquo;ai jamais encore fait de \u00ab\u00a0grands voyages\u00a0\u00bb. J&rsquo;aime lire mais je ne me qualifierais pas non plus de \u00ab\u00a0d\u00e9voreuse\u00a0\u00bb de livres. Je n&rsquo;habite pas une ville dynamique et par cons\u00e9quent, ne pourrais pas vous faire le compte rendu de mon dernier brunch dans ce caf\u00e9 \u00e0 la mode qui vient d&rsquo;ouvrir. J&rsquo;aime les v\u00eatements ou plut\u00f4t l&rsquo;id\u00e9e des v\u00eatements mais n&rsquo;ose pas souvent sortir de la mani\u00e8re dont il me plairait. J&rsquo;aime \u00e9couter de la musique mais ne sais jouer d&rsquo;aucun instrument. <\/p><p>Je suis une femme \u00ab\u00a0jolie\u00a0\u00bb, pas \u00e0 la beaut\u00e9 fracassante, qui a souvent l&rsquo;impression que c&rsquo;est la vie qui d\u00e9cide de tout. Un peu comme dans un oc\u00e9an avec une mer capricieuse et moi, je suis l\u00e0, avec un petit voilier \u00e0 essayer de r\u00e9gler les voiles tant bien que mal. <\/p><p>Bref, je m&rsquo;appelle Pauline, je viens d&rsquo;avoir 26 ans et je vais essayer de trouver quelque chose \u00e0 vous raconter. <\/p><\/div>\n\t\t\t\t<\/div>\n\t\t\t\t<\/div>\n\t\t\t\t\t\t<\/div>\n\t\t\t<\/div>\n\t\t<\/div>\n\t\t\t\t\t\t<\/div>\n\t\t\t<\/div>\n\t\t<\/section>\n\t\t\t\t\t\t<\/div>\n\t\t\t<\/div>\n\t\t<\/div>\n\t\t","protected":false},"excerpt":{"rendered":"<p>Pourquoi \u00e9crire un blog ? Cela fait longtemps que j&rsquo;ai envie d&rsquo;\u00e9crire. J&rsquo;ouvre un site internet, j&rsquo;\u00e9cris un article puis je n&rsquo;y reviens jamais. C&rsquo;est que je me sens pas l\u00e9gitime dans l&rsquo;\u00e9criture de quoi que ce soit. J&rsquo;ai de la culture mais pas autant que si j&rsquo;avais fait Sciences Po Paris ou avais \u00e9tudi\u00e9 [&hellip;]<\/p>\n","protected":false},"author":1,"featured_media":613,"parent":0,"menu_order":0,"comment_status":"closed","ping_status":"closed","template":"","meta":[],"yoast_head":"<!-- This site is optimized with the Yoast SEO plugin v14.8 - https:\/\/yoast.com\/wordpress\/plugins\/seo\/ -->\n<title>A propos de moi -<\/title>\n<meta name=\"robots\" content=\"index, follow\" \/>\n<meta name=\"googlebot\" content=\"index, follow, max-snippet:-1, max-image-preview:large, max-video-preview:-1\" \/>\n<meta name=\"bingbot\" content=\"index, follow, max-snippet:-1, max-image-preview:large, max-video-preview:-1\" \/>\n<link rel=\"canonical\" href=\"https:\/\/powpow.fr\/?page_id=202\" \/>\n<meta property=\"og:locale\" content=\"fr_FR\" \/>\n<meta property=\"og:type\" content=\"article\" \/>\n<meta property=\"og:title\" content=\"A propos de moi -\" \/>\n<meta property=\"og:description\" content=\"Pourquoi \u00e9crire un blog ? Cela fait longtemps que j&rsquo;ai envie d&rsquo;\u00e9crire. J&rsquo;ouvre un site internet, j&rsquo;\u00e9cris un article puis je n&rsquo;y reviens jamais. C&rsquo;est que je me sens pas l\u00e9gitime dans l&rsquo;\u00e9criture de quoi que ce soit. J&rsquo;ai de la culture mais pas autant que si j&rsquo;avais fait Sciences Po Paris ou avais \u00e9tudi\u00e9 [&hellip;]\" \/>\n<meta property=\"og:url\" content=\"https:\/\/powpow.fr\/?page_id=202\" \/>\n<meta property=\"article:modified_time\" content=\"2020-04-29T15:30:56+00:00\" \/>\n<meta property=\"og:image\" content=\"https:\/\/powpow.fr\/wp-content\/uploads\/2020\/03\/PB33.jpg\" \/>\n\t<meta property=\"og:image:width\" content=\"1250\" \/>\n\t<meta property=\"og:image:height\" content=\"833\" \/>\n<meta name=\"twitter:card\" content=\"summary_large_image\" \/>\n<script type=\"application\/ld+json\" class=\"yoast-schema-graph\">{\"@context\":\"https:\/\/schema.org\",\"@graph\":[{\"@type\":\"WebSite\",\"@id\":\"https:\/\/powpow.fr\/#website\",\"url\":\"https:\/\/powpow.fr\/\",\"name\":\"\",\"description\":\"Welcome in my brain !\",\"potentialAction\":[{\"@type\":\"SearchAction\",\"target\":\"https:\/\/powpow.fr\/?s={search_term_string}\",\"query-input\":\"required name=search_term_string\"}],\"inLanguage\":\"fr-FR\"},{\"@type\":\"ImageObject\",\"@id\":\"https:\/\/powpow.fr\/?page_id=202#primaryimage\",\"inLanguage\":\"fr-FR\",\"url\":\"https:\/\/powpow.fr\/wp-content\/uploads\/2020\/03\/PB33.jpg\",\"width\":1250,\"height\":833},{\"@type\":\"WebPage\",\"@id\":\"https:\/\/powpow.fr\/?page_id=202#webpage\",\"url\":\"https:\/\/powpow.fr\/?page_id=202\",\"name\":\"A propos de moi -\",\"isPartOf\":{\"@id\":\"https:\/\/powpow.fr\/#website\"},\"primaryImageOfPage\":{\"@id\":\"https:\/\/powpow.fr\/?page_id=202#primaryimage\"},\"datePublished\":\"2020-03-31T08:38:34+00:00\",\"dateModified\":\"2020-04-29T15:30:56+00:00\",\"inLanguage\":\"fr-FR\",\"potentialAction\":[{\"@type\":\"ReadAction\",\"target\":[\"https:\/\/powpow.fr\/?page_id=202\"]}]}]}<\/script>\n<!-- \/ Yoast SEO plugin. -->","_links":{"self":[{"href":"https:\/\/powpow.fr\/index.php?rest_route=\/wp\/v2\/pages\/202"}],"collection":[{"href":"https:\/\/powpow.fr\/index.php?rest_route=\/wp\/v2\/pages"}],"about":[{"href":"https:\/\/powpow.fr\/index.php?rest_route=\/wp\/v2\/types\/page"}],"author":[{"embeddable":true,"href":"https:\/\/powpow.fr\/index.php?rest_route=\/wp\/v2\/users\/1"}],"replies":[{"embeddable":true,"href":"https:\/\/powpow.fr\/index.php?rest_route=%2Fwp%2Fv2%2Fcomments&post=202"}],"version-history":[{"count":9,"href":"https:\/\/powpow.fr\/index.php?rest_route=\/wp\/v2\/pages\/202\/revisions"}],"predecessor-version":[{"id":636,"href":"https:\/\/powpow.fr\/index.php?rest_route=\/wp\/v2\/pages\/202\/revisions\/636"}],"wp:featuredmedia":[{"embeddable":true,"href":"https:\/\/powpow.fr\/index.php?rest_route=\/wp\/v2\/media\/613"}],"wp:attachment":[{"href":"https:\/\/powpow.fr\/index.php?rest_route=%2Fwp%2Fv2%2Fmedia&parent=202"}],"curies":[{"name":"wp","href":"https:\/\/api.w.org\/{rel}","templated":true}]}}